{"id":1505,"date":"2020-02-10T13:57:07","date_gmt":"2020-02-10T13:57:07","guid":{"rendered":"https:\/\/domenicosaggese.it\/informatica_web\/?page_id=1505"},"modified":"2020-10-19T12:56:05","modified_gmt":"2020-10-19T12:56:05","slug":"corso-afol","status":"publish","type":"page","link":"https:\/\/domenicosaggese.it\/informatica_web\/servizi\/corsi-informatica\/corso-afol\/","title":{"rendered":"Corso Afol 2020"},"content":{"rendered":"\n<h5 class=\"wp-block-heading\">Video scrittura<\/h5>\n\n\n\n<p>Qui sotto c&#8217;\u00e8 il bottone per la dispensa di word. Attualmente stiamo usanto Openoffice Calc. Purtroppo l&#8217;interfaccia \u00e8 molto diversa, ma le funzionalit\u00e0 sono le stesse<\/p>\n\n\n\n<div class=\"wp-block-file\"><a href=\"https:\/\/domenicosaggese.it\/informatica_web\/wp-content\/uploads\/2014\/02\/DISPENSA-WORD.pdf\">Dispensa word<\/a><a href=\"https:\/\/domenicosaggese.it\/informatica_web\/wp-content\/uploads\/2014\/02\/DISPENSA-WORD.pdf\" class=\"wp-block-file__button\" download>Download<\/a><\/div>\n\n\n\n<h5 class=\"wp-block-heading\">Fogli di Calcolo<\/h5>\n\n\n\n<p>Anche qui la dispensa fa riferimento a Excel (di Microsoft Office), ma molte cose valgono per Calc (di Openoffice)<\/p>\n\n\n\n<div class=\"wp-block-file\"><a href=\"https:\/\/domenicosaggese.it\/informatica_web\/wp-content\/uploads\/2012\/01\/dispensa_excel.pdf\">Dispensa Excel 2003, simile ad openoffice Calc<\/a><a href=\"https:\/\/domenicosaggese.it\/informatica_web\/wp-content\/uploads\/2012\/01\/dispensa_excel.pdf\" class=\"wp-block-file__button\" download>Download<\/a><\/div>\n\n\n\n<p>Materiale per i test:<\/p>\n\n\n\n<div class=\"wp-block-file\"><a href=\"https:\/\/domenicosaggese.it\/informatica_web\/wp-content\/uploads\/2020\/10\/alice-e-i-pasticcini.docx\">alice-e-i-pasticcini<\/a><a href=\"https:\/\/domenicosaggese.it\/informatica_web\/wp-content\/uploads\/2020\/10\/alice-e-i-pasticcini.docx\" class=\"wp-block-file__button\" download>Download<\/a><\/div>\n\n\n\n<div class=\"wp-block-file\"><a href=\"https:\/\/domenicosaggese.it\/informatica_web\/wp-content\/uploads\/2020\/10\/alice-e-la-regina.docx\">alice-e-la-regina<\/a><a href=\"https:\/\/domenicosaggese.it\/informatica_web\/wp-content\/uploads\/2020\/10\/alice-e-la-regina.docx\" class=\"wp-block-file__button\" download>Download<\/a><\/div>\n\n\n\n<p><\/p>\n","protected":false},"excerpt":{"rendered":"<p>Video scrittura Qui sotto c&#8217;\u00e8 il bottone per la dispensa di word. Attualmente stiamo usanto Openoffice Calc. Purtroppo l&#8217;interfaccia \u00e8 molto diversa, ma le funzionalit\u00e0 sono le stesse Fogli di Calcolo Anche qui la dispensa fa riferimento a Excel (di Microsoft Office), ma molte cose valgono per Calc (di Openoffice) Materiale per i test:<\/p>\n","protected":false},"author":1,"featured_media":0,"parent":435,"menu_order":0,"comment_status":"closed","ping_status":"closed","template":"","meta":{"_et_pb_use_builder":"","_et_pb_old_content":"","_et_gb_content_width":"","footnotes":""},"class_list":["post-1505","page","type-page","status-publish","hentry"],"_links":{"self":[{"href":"https:\/\/domenicosaggese.it\/informatica_web\/wp-json\/wp\/v2\/pages\/1505"}],"collection":[{"href":"https:\/\/domenicosaggese.it\/informatica_web\/wp-json\/wp\/v2\/pages"}],"about":[{"href":"https:\/\/domenicosaggese.it\/informatica_web\/wp-json\/wp\/v2\/types\/page"}],"author":[{"embeddable":true,"href":"https:\/\/domenicosaggese.it\/informatica_web\/wp-json\/wp\/v2\/users\/1"}],"replies":[{"embeddable":true,"href":"https:\/\/domenicosaggese.it\/informatica_web\/wp-json\/wp\/v2\/comments?post=1505"}],"version-history":[{"count":6,"href":"https:\/\/domenicosaggese.it\/informatica_web\/wp-json\/wp\/v2\/pages\/1505\/revisions"}],"predecessor-version":[{"id":1792,"href":"https:\/\/domenicosaggese.it\/informatica_web\/wp-json\/wp\/v2\/pages\/1505\/revisions\/1792"}],"up":[{"embeddable":true,"href":"https:\/\/domenicosaggese.it\/informatica_web\/wp-json\/wp\/v2\/pages\/435"}],"wp:attachment":[{"href":"https:\/\/domenicosaggese.it\/informatica_web\/wp-json\/wp\/v2\/media?parent=1505"}],"curies":[{"name":"wp","href":"https:\/\/api.w.org\/{rel}","templated":true}]}}