{"id":566,"date":"2014-02-23T16:43:46","date_gmt":"2014-02-23T16:43:46","guid":{"rendered":"https:\/\/domenicosaggese.it\/informatica_web\/?page_id=566"},"modified":"2020-12-31T18:08:09","modified_gmt":"2020-12-31T18:08:09","slug":"software-gestionali","status":"publish","type":"page","link":"https:\/\/domenicosaggese.it\/informatica_web\/servizi\/software-gestionali\/","title":{"rendered":"Sviluppo Software"},"content":{"rendered":"<p>[et_pb_section fb_built=&#8221;1&#8243; fullwidth=&#8221;on&#8221; _builder_version=&#8221;4.5.2&#8243; _module_preset=&#8221;default&#8221; hover_enabled=&#8221;0&#8243;][et_pb_fullwidth_header title=&#8221;Sviluppo Software&#8221; _builder_version=&#8221;4.5.2&#8243; _module_preset=&#8221;default&#8221; text_orientation=&#8221;center&#8221; title_text=&#8221;digital-marketing-1433427_1920&#8243; background_image=&#8221;https:\/\/domenicosaggese.it\/informatica_web\/wp-content\/uploads\/2020\/04\/digital-marketing-1433427_1920.jpg&#8221; background_blend=&#8221;multiply&#8221; hover_enabled=&#8221;0&#8243;]<\/p>\n<p>Software su misura per le tue esigenze o quelle della tua azienda.<\/p>\n<p>[\/et_pb_fullwidth_header][\/et_pb_section][et_pb_section fb_built=&#8221;1&#8243; _builder_version=&#8221;3.22&#8243;][et_pb_row _builder_version=&#8221;4.5.2&#8243; _module_preset=&#8221;default&#8221;][et_pb_column _builder_version=&#8221;4.5.2&#8243; _module_preset=&#8221;default&#8221; type=&#8221;4_4&#8243;][et_pb_text _builder_version=&#8221;4.5.2&#8243; _module_preset=&#8221;default&#8221; text_orientation=&#8221;center&#8221; hover_enabled=&#8221;0&#8243;]<\/p>\n<h4 class=\"western\">Hai un problema?<\/h4>\n<p>Ti sembra di perdere troppo tempo in attivit\u00e0 ripetitive? Ti sembra di perdere informazioni importanti, perch\u00e9 il tuo software non \u00e8 adatto alle tue esigenze?<\/p>\n<p>[\/et_pb_text][\/et_pb_column][\/et_pb_row][et_pb_row _builder_version=&#8221;3.25&#8243; background_size=&#8221;initial&#8221; background_position=&#8221;top_left&#8221; background_repeat=&#8221;repeat&#8221; column_structure=&#8221;1_2,1_2&#8243;][et_pb_column type=&#8221;1_2&#8243; _builder_version=&#8221;3.25&#8243; custom_padding=&#8221;|||&#8221; custom_padding__hover=&#8221;|||&#8221;][et_pb_text _builder_version=&#8221;4.5.2&#8243; hover_enabled=&#8221;0&#8243; border_style=&#8221;solid&#8221;]<\/p>\n<p>&nbsp;<\/p>\n<h4>Hai gi\u00e0 un software gestionale\u2026 e fai bene<\/h4>\n<p>tutti hanno i\u00a0<em>software gestionali<\/em>\u00a0che fanno bolle, fatture, magazzino etc. Sono prodotti\u00a0<strong>molto buoni, ma generici<\/strong>. Ovviamente a me e a te non conviene che io ne scriva uno nuovo: come potrei avere uno staff di avvocati e commercialisti che interpretano ogni nuova legge, e testano tutti casi e i problemi che possono capitare?\u00a0 Ma\u00a0<strong>molti hanno un problema specifico<\/strong>: nel corso di 20 anni e pi\u00f9 <strong>ho\u00a0creato programmi che gestivano le cose pi\u00f9 disparate<\/strong>: generare bollette del gas, calcolare il taglio del marmo, statistiche sul venduto, chiamate di assistenza tecnica, mailling list, articoli personalizzati, listini. <strong>I miei programmi \u201cverticali\u201d all\u2019occorenza dialogano con il\u00a0<em>gestionale<\/em>\u00a0classico<\/strong>: per esempio il mio programma dei ticket di assistenza dopo aver gestito la chiamata, il tecnico, il rapportino, etc. trasformava le ore lavorate dai tecnici in documenti del gestionale, pronti da trasformare in fatture.<\/p>\n<p><em><strong>Spesso la soluzione esiste gi\u00e0, basta solo installarla o adattarla. Altre volte la realizzo io.<\/strong><\/em><\/p>\n<p>&nbsp;<\/p>\n<p>[\/et_pb_text][\/et_pb_column][et_pb_column type=&#8221;1_2&#8243; _builder_version=&#8221;3.25&#8243; custom_padding=&#8221;|||&#8221; custom_padding__hover=&#8221;|||&#8221;][et_pb_image src=&#8221;https:\/\/domenicosaggese.it\/informatica_web\/wp-content\/uploads\/2017\/08\/dev-code.jpeg&#8221; align_tablet=&#8221;center&#8221; align_last_edited=&#8221;on|desktop&#8221; disabled_on=&#8221;on|on|off&#8221; _builder_version=&#8221;4.5.2&#8243; animation_style=&#8221;slide&#8221; animation_direction=&#8221;left&#8221; animation_duration=&#8221;500ms&#8221; animation_intensity_slide=&#8221;10%&#8221; hover_enabled=&#8221;0&#8243; border_style=&#8221;solid&#8221; sticky=&#8221;off&#8221; always_center_on_mobile=&#8221;on&#8221; align=&#8221;center&#8221;][\/et_pb_image][\/et_pb_column][\/et_pb_row][\/et_pb_section][et_pb_section fb_built=&#8221;1&#8243; _builder_version=&#8221;4.5.2&#8243; _module_preset=&#8221;default&#8221; use_background_color_gradient=&#8221;on&#8221; background_color_gradient_end=&#8221;#ffffff&#8221; background_color_gradient_direction=&#8221;360deg&#8221; background_color_gradient_start=&#8221;rgba(17,158,217,0.5)&#8221; background_color_gradient_end_position=&#8221;75%&#8221; hover_enabled=&#8221;0&#8243; null=&#8221;#119ed9&#8243;][et_pb_row _builder_version=&#8221;4.5.2&#8243; _module_preset=&#8221;default&#8221; column_structure=&#8221;1_2,1_2&#8243;][et_pb_column _builder_version=&#8221;4.5.2&#8243; _module_preset=&#8221;default&#8221; type=&#8221;1_2&#8243;][et_pb_text _builder_version=&#8221;4.5.2&#8243; _module_preset=&#8221;default&#8221; hover_enabled=&#8221;0&#8243;]<\/p>\n<h4 class=\"western\">Come si fa?<\/h4>\n<p>mi\u00a0<strong>racconti<\/strong>\u00a0il tuo problema, prendo appunti, ci penso un po\u2019,\u00a0<strong>magari ci vediamo un paio di volte<\/strong>. Ti faccio una\u00a0<strong>proposta<\/strong>\u00a0basata su\u00a0<strong>disegni e magari un prototipo<\/strong>\u00a0con qualche maschera e qualche bottone. Se ti piace, concordiamo il prezzo e le modalit\u00e0 di pagamento.<\/p>\n<h4>E se \u00e8 pi\u00f9 complicato?<\/h4>\n<p class=\"western\">Allora ti dir\u00f2 che serve<\/p>\n<p>[\/et_pb_text][\/et_pb_column][et_pb_column _builder_version=&#8221;4.5.2&#8243; _module_preset=&#8221;default&#8221; type=&#8221;1_2&#8243;][et_pb_contact_form email=&#8221;domenico@saggese.it,  donmimisaggese@gmail.com&#8221; title=&#8221;Scrivici una mail&#8221; success_message=&#8221;Grazie per avermi contattato!&#8221; submit_button_text=&#8221;invia&#8221; module_class=&#8221;form-contatti-edo&#8221; _builder_version=&#8221;4.5.2&#8243; _module_preset=&#8221;default&#8221; form_field_background_color=&#8221;#ffffff&#8221; form_field_focus_text_color=&#8221;#0c71c3&#8243; form_field_custom_padding=&#8221;|||0px|false|false&#8221; title_level=&#8221;h4&#8243; title_font=&#8221;||||&#8221; form_field_font=&#8221;||||&#8221; background_color=&#8221;#ffffff&#8221; button_icon=&#8221;%%153%%&#8221; button_on_hover=&#8221;off&#8221; vertical_offset=&#8221;0px&#8221; vertical_offset_tablet=&#8221;&#8221; vertical_offset_phone=&#8221;-154px&#8221; vertical_offset_last_edited=&#8221;on|phone&#8221; text_orientation=&#8221;left&#8221; custom_margin=&#8221;||||false|false&#8221; hover_enabled=&#8221;0&#8243; custom_css_contact_title=&#8221;margin-bottom: 30px;&#8221; border_width_bottom=&#8221;1px&#8221; border_color_bottom=&#8221;#aaaaaa&#8221; use_border_color=&#8221;off&#8221; saved_tabs=&#8221;all&#8221; button_text_size__hover_enabled=&#8221;off&#8221; button_text_size__hover=&#8221;null&#8221; button_one_text_size__hover_enabled=&#8221;off&#8221; button_one_text_size__hover=&#8221;null&#8221; button_two_text_size__hover_enabled=&#8221;off&#8221; button_two_text_size__hover=&#8221;null&#8221; button_text_color__hover_enabled=&#8221;off&#8221; button_text_color__hover=&#8221;null&#8221; button_one_text_color__hover_enabled=&#8221;off&#8221; button_one_text_color__hover=&#8221;null&#8221; button_two_text_color__hover_enabled=&#8221;off&#8221; button_two_text_color__hover=&#8221;null&#8221; button_border_width__hover_enabled=&#8221;off&#8221; button_border_width__hover=&#8221;null&#8221; button_one_border_width__hover_enabled=&#8221;off&#8221; button_one_border_width__hover=&#8221;null&#8221; button_two_border_width__hover_enabled=&#8221;off&#8221; button_two_border_width__hover=&#8221;null&#8221; button_border_color__hover_enabled=&#8221;off&#8221; button_border_color__hover=&#8221;null&#8221; button_one_border_color__hover_enabled=&#8221;off&#8221; button_one_border_color__hover=&#8221;null&#8221; button_two_border_color__hover_enabled=&#8221;off&#8221; button_two_border_color__hover=&#8221;null&#8221; button_border_radius__hover_enabled=&#8221;off&#8221; button_border_radius__hover=&#8221;null&#8221; button_one_border_radius__hover_enabled=&#8221;off&#8221; button_one_border_radius__hover=&#8221;null&#8221; button_two_border_radius__hover_enabled=&#8221;off&#8221; button_two_border_radius__hover=&#8221;null&#8221; button_letter_spacing__hover_enabled=&#8221;off&#8221; button_letter_spacing__hover=&#8221;null&#8221; button_one_letter_spacing__hover_enabled=&#8221;off&#8221; button_one_letter_spacing__hover=&#8221;null&#8221; button_two_letter_spacing__hover_enabled=&#8221;off&#8221; button_two_letter_spacing__hover=&#8221;null&#8221; button_bg_color__hover_enabled=&#8221;off&#8221; button_bg_color__hover=&#8221;null&#8221; button_one_bg_color__hover_enabled=&#8221;off&#8221; button_one_bg_color__hover=&#8221;null&#8221; button_two_bg_color__hover_enabled=&#8221;off&#8221; button_two_bg_color__hover=&#8221;null&#8221; button_letter_spacing_hover_tablet=&#8221;0&#8243; button_letter_spacing_hover_phone=&#8221;0&#8243; global_module=&#8221;1294&#8243;][et_pb_contact_field field_id=&#8221;Name&#8221; field_title=&#8221;Nome&#8221; fullwidth_field=&#8221;on&#8221; _builder_version=&#8221;3.16&#8243; form_field_font=&#8221;||||&#8221; use_border_color=&#8221;off&#8221; border_style=&#8221;solid&#8221; button_text_size__hover_enabled=&#8221;off&#8221; button_one_text_size__hover_enabled=&#8221;off&#8221; button_two_text_size__hover_enabled=&#8221;off&#8221; button_text_color__hover_enabled=&#8221;off&#8221; button_one_text_color__hover_enabled=&#8221;off&#8221; button_two_text_color__hover_enabled=&#8221;off&#8221; button_border_width__hover_enabled=&#8221;off&#8221; button_one_border_width__hover_enabled=&#8221;off&#8221; button_two_border_width__hover_enabled=&#8221;off&#8221; button_border_color__hover_enabled=&#8221;off&#8221; button_one_border_color__hover_enabled=&#8221;off&#8221; button_two_border_color__hover_enabled=&#8221;off&#8221; button_border_radius__hover_enabled=&#8221;off&#8221; button_one_border_radius__hover_enabled=&#8221;off&#8221; button_two_border_radius__hover_enabled=&#8221;off&#8221; button_letter_spacing__hover_enabled=&#8221;off&#8221; button_one_letter_spacing__hover_enabled=&#8221;off&#8221; button_two_letter_spacing__hover_enabled=&#8221;off&#8221; button_bg_color__hover_enabled=&#8221;off&#8221; button_one_bg_color__hover_enabled=&#8221;off&#8221; button_two_bg_color__hover_enabled=&#8221;off&#8221;][\/et_pb_contact_field][et_pb_contact_field field_id=&#8221;Email&#8221; field_title=&#8221;Indirizzo e-mail&#8221; field_type=&#8221;email&#8221; fullwidth_field=&#8221;on&#8221; _builder_version=&#8221;3.16&#8243; form_field_font=&#8221;||||&#8221; use_border_color=&#8221;off&#8221; border_style=&#8221;solid&#8221; button_text_size__hover_enabled=&#8221;off&#8221; button_one_text_size__hover_enabled=&#8221;off&#8221; button_two_text_size__hover_enabled=&#8221;off&#8221; button_text_color__hover_enabled=&#8221;off&#8221; button_one_text_color__hover_enabled=&#8221;off&#8221; button_two_text_color__hover_enabled=&#8221;off&#8221; button_border_width__hover_enabled=&#8221;off&#8221; button_one_border_width__hover_enabled=&#8221;off&#8221; button_two_border_width__hover_enabled=&#8221;off&#8221; button_border_color__hover_enabled=&#8221;off&#8221; button_one_border_color__hover_enabled=&#8221;off&#8221; button_two_border_color__hover_enabled=&#8221;off&#8221; button_border_radius__hover_enabled=&#8221;off&#8221; button_one_border_radius__hover_enabled=&#8221;off&#8221; button_two_border_radius__hover_enabled=&#8221;off&#8221; button_letter_spacing__hover_enabled=&#8221;off&#8221; button_one_letter_spacing__hover_enabled=&#8221;off&#8221; button_two_letter_spacing__hover_enabled=&#8221;off&#8221; button_bg_color__hover_enabled=&#8221;off&#8221; button_one_bg_color__hover_enabled=&#8221;off&#8221; button_two_bg_color__hover_enabled=&#8221;off&#8221;][\/et_pb_contact_field][et_pb_contact_field field_id=&#8221;service&#8221; field_title=&#8221;Tipo di richiesta (da scegliere nell&#8217;elenco):&#8221; field_type=&#8221;select&#8221; select_options=&#8221;%91{%22value%22:%22Preventivo%22,%22checked%22:0,%22dragID%22:-1},{%22value%22:%22Informazioni%22,%22checked%22:0,%22dragID%22:0},{%22value%22:%22Collaborazione%22,%22checked%22:0,%22dragID%22:1}%93&#8243; fullwidth_field=&#8221;on&#8221; _builder_version=&#8221;4.5.2&#8243; _module_preset=&#8221;default&#8221;][\/et_pb_contact_field][et_pb_contact_field field_id=&#8221;Message&#8221; field_title=&#8221;Messaggio&#8221; field_type=&#8221;text&#8221; fullwidth_field=&#8221;on&#8221; _builder_version=&#8221;3.16&#8243; button_text_size__hover_enabled=&#8221;off&#8221; button_one_text_size__hover_enabled=&#8221;off&#8221; button_two_text_size__hover_enabled=&#8221;off&#8221; button_text_color__hover_enabled=&#8221;off&#8221; button_one_text_color__hover_enabled=&#8221;off&#8221; button_two_text_color__hover_enabled=&#8221;off&#8221; button_border_width__hover_enabled=&#8221;off&#8221; button_one_border_width__hover_enabled=&#8221;off&#8221; button_two_border_width__hover_enabled=&#8221;off&#8221; button_border_color__hover_enabled=&#8221;off&#8221; button_one_border_color__hover_enabled=&#8221;off&#8221; button_two_border_color__hover_enabled=&#8221;off&#8221; button_border_radius__hover_enabled=&#8221;off&#8221; button_one_border_radius__hover_enabled=&#8221;off&#8221; button_two_border_radius__hover_enabled=&#8221;off&#8221; button_letter_spacing__hover_enabled=&#8221;off&#8221; button_one_letter_spacing__hover_enabled=&#8221;off&#8221; button_two_letter_spacing__hover_enabled=&#8221;off&#8221; button_bg_color__hover_enabled=&#8221;off&#8221; button_one_bg_color__hover_enabled=&#8221;off&#8221; button_two_bg_color__hover_enabled=&#8221;off&#8221;][\/et_pb_contact_field][\/et_pb_contact_form][\/et_pb_column][\/et_pb_row][\/et_pb_section]<\/p>\n","protected":false},"excerpt":{"rendered":"<p>Software su misura per le tue esigenze o quelle della tua azienda. Hai un problema? Ti sembra di perdere troppo tempo in attivit\u00e0 ripetitive? Ti sembra di perdere informazioni importanti, perch\u00e9 il tuo software non \u00e8 adatto alle tue esigenze? &nbsp; Hai gi\u00e0 un software gestionale\u2026 e fai bene tutti hanno i\u00a0software gestionali\u00a0che fanno bolle, [&hellip;]<\/p>\n","protected":false},"author":1,"featured_media":0,"parent":1540,"menu_order":10,"comment_status":"closed","ping_status":"closed","template":"","meta":{"_et_pb_use_builder":"on","_et_pb_old_content":"<p>Dal 1997 <strong>scrivo software<\/strong>. Dapprima all'interno di software house, poi da solo. I miei programmi si sono occupati dei problemi pi\u00f9 disparati, dal taglio delle piastrelle alle bollette del gas.\u00a0 Scrivo in diversi linguaggi e per diversi sistemi operativi.<\/p><p>Prima di scrivere un software, <strong>posso dirvi se quello che cercate esiste gi\u00e0<\/strong>. Molto spesso quello che cerchi \u00e8 gi\u00e0 stato inventato. A volte basta un dispositivo, un servizio online, un paio di programmi gi\u00e0 in commercio per arrivare alla tua soluzione. Inoltre posso fare <strong>formazione<\/strong> mirata in azienda e consulenze su <strong>privacy<\/strong> e <strong>sicurezza dei dati<\/strong>.<\/p><p><strong>Realizzo siti web.<\/strong> Un sito non \u00e8 un depliant senza carta. Non \u00e8 nemmeno la storia della tua azienda infarcita di colori e animazioni. un sito pu\u00f2 essere tante cose: <strong>semplice presenza<\/strong> (\"guardate, io esisto\") <strong>posizionamento su google<\/strong>, e sugli altri due: <strong>bing<\/strong> e <strong>yahoo<\/strong>) in base la nome del prodotto, non al tuo nome; per essere trovato da chi non ti conosce. <strong>integrazione con i social network<\/strong>: nessun sito \u00e8 un'isola. Ma ci sono anche <strong>siti che sono veri e propri software<\/strong>: per alcune attivit\u00e0 non \u00e8 comodo avere un programma su un Pc o un server dell'ufficio. basta avere un browser, entrare in un'area riservata del proprio sito, e mettersi a lavorare.<\/p><p>[subpages]<\/p><p>\u00a0<\/p>","_et_gb_content_width":"","footnotes":""},"class_list":["post-566","page","type-page","status-publish","hentry"],"_links":{"self":[{"href":"https:\/\/domenicosaggese.it\/informatica_web\/wp-json\/wp\/v2\/pages\/566"}],"collection":[{"href":"https:\/\/domenicosaggese.it\/informatica_web\/wp-json\/wp\/v2\/pages"}],"about":[{"href":"https:\/\/domenicosaggese.it\/informatica_web\/wp-json\/wp\/v2\/types\/page"}],"author":[{"embeddable":true,"href":"https:\/\/domenicosaggese.it\/informatica_web\/wp-json\/wp\/v2\/users\/1"}],"replies":[{"embeddable":true,"href":"https:\/\/domenicosaggese.it\/informatica_web\/wp-json\/wp\/v2\/comments?post=566"}],"version-history":[{"count":23,"href":"https:\/\/domenicosaggese.it\/informatica_web\/wp-json\/wp\/v2\/pages\/566\/revisions"}],"predecessor-version":[{"id":1795,"href":"https:\/\/domenicosaggese.it\/informatica_web\/wp-json\/wp\/v2\/pages\/566\/revisions\/1795"}],"up":[{"embeddable":true,"href":"https:\/\/domenicosaggese.it\/informatica_web\/wp-json\/wp\/v2\/pages\/1540"}],"wp:attachment":[{"href":"https:\/\/domenicosaggese.it\/informatica_web\/wp-json\/wp\/v2\/media?parent=566"}],"curies":[{"name":"wp","href":"https:\/\/api.w.org\/{rel}","templated":true}]}}