{"id":624,"date":"2014-02-28T20:19:07","date_gmt":"2014-02-28T20:19:07","guid":{"rendered":"https:\/\/domenicosaggese.it\/informatica_web\/?page_id=624"},"modified":"2020-09-22T17:10:45","modified_gmt":"2020-09-22T17:10:45","slug":"corso-di-access","status":"publish","type":"page","link":"https:\/\/domenicosaggese.it\/informatica_web\/servizi\/corsi-informatica\/corso-di-access\/","title":{"rendered":"Corso di access"},"content":{"rendered":"<p>il corso viene definito e valutato caso per caso. All&#8217;incirca 30-40 ore bastano per cominciare.<\/p>\n<p>La dispensa allegata copre la parte iniziale del corso<\/p>\n\n\n<div class=\"wp-block-file\"><a href=\"https:\/\/domenicosaggese.it\/informatica_web\/wp-content\/uploads\/2014\/02\/dispensa_acccess_ecdl_v2_1.pdf\">dispensa_acccess_ecdl_v2_1<\/a><a href=\"https:\/\/domenicosaggese.it\/informatica_web\/wp-content\/uploads\/2014\/02\/dispensa_acccess_ecdl_v2_1.pdf\" class=\"wp-block-file__button\" download>Download<\/a><\/div>\n\n\n\n<p> <\/p>\n\n\n\n<p>Access \u00e8 un po&#8217; pi\u00f9 di un programma per esperti: \u00e8 quasi uno strumento per progammatori. Con Microsoft Access si pososno creare programmi personalizzati per la gestione di qualsiasi problema.<\/p>\n\n\n\n<p>Personalmente ne ho realizzati a decine: Buste paga, certificazione di compensi, gestione di chiamate e interventi, statistiche, organizzazione turni, invio sms e mail, gruppi sportivi, scadenziari&#8230; ma prima di ottenere un risultato miserello e appena decente, occorre lavorare moltissimo. Con access si pu\u00f2 fare molto pi\u00f9 di excel, ma i<strong> primi risultati<\/strong> arrivano in <strong>tempi molto, molto pi\u00f9 lunghi.<\/strong><\/p>\n\n\n\n<div class=\"wp-block-buttons is-layout-flex wp-block-buttons-is-layout-flex\">\n<div class=\"wp-block-button\"><a class=\"wp-block-button__link\" href=\"https:\/\/domenicosaggese.it\/informatica_web\/contatti\/\">Contattami<\/a><\/div>\n<\/div>\n","protected":false},"excerpt":{"rendered":"<p>il corso viene definito e valutato caso per caso. All&#8217;incirca 30-40 ore bastano per cominciare. La dispensa allegata copre la parte iniziale del corso Access \u00e8 un po&#8217; pi\u00f9 di un programma per esperti: \u00e8 quasi uno strumento per progammatori. Con Microsoft Access si pososno creare programmi personalizzati per la gestione di qualsiasi problema. Personalmente [&hellip;]<\/p>\n","protected":false},"author":1,"featured_media":0,"parent":435,"menu_order":0,"comment_status":"closed","ping_status":"closed","template":"","meta":{"_et_pb_use_builder":"","_et_pb_old_content":"","_et_gb_content_width":"","footnotes":""},"class_list":["post-624","page","type-page","status-publish","hentry"],"_links":{"self":[{"href":"https:\/\/domenicosaggese.it\/informatica_web\/wp-json\/wp\/v2\/pages\/624"}],"collection":[{"href":"https:\/\/domenicosaggese.it\/informatica_web\/wp-json\/wp\/v2\/pages"}],"about":[{"href":"https:\/\/domenicosaggese.it\/informatica_web\/wp-json\/wp\/v2\/types\/page"}],"author":[{"embeddable":true,"href":"https:\/\/domenicosaggese.it\/informatica_web\/wp-json\/wp\/v2\/users\/1"}],"replies":[{"embeddable":true,"href":"https:\/\/domenicosaggese.it\/informatica_web\/wp-json\/wp\/v2\/comments?post=624"}],"version-history":[{"count":10,"href":"https:\/\/domenicosaggese.it\/informatica_web\/wp-json\/wp\/v2\/pages\/624\/revisions"}],"predecessor-version":[{"id":1776,"href":"https:\/\/domenicosaggese.it\/informatica_web\/wp-json\/wp\/v2\/pages\/624\/revisions\/1776"}],"up":[{"embeddable":true,"href":"https:\/\/domenicosaggese.it\/informatica_web\/wp-json\/wp\/v2\/pages\/435"}],"wp:attachment":[{"href":"https:\/\/domenicosaggese.it\/informatica_web\/wp-json\/wp\/v2\/media?parent=624"}],"curies":[{"name":"wp","href":"https:\/\/api.w.org\/{rel}","templated":true}]}}