{"id":683,"date":"2014-04-02T11:50:56","date_gmt":"2014-04-02T11:50:56","guid":{"rendered":"https:\/\/domenicosaggese.it\/informatica_web\/?page_id=683"},"modified":"2020-08-30T10:04:26","modified_gmt":"2020-08-30T10:04:26","slug":"chi-sono","status":"publish","type":"page","link":"https:\/\/domenicosaggese.it\/informatica_web\/chi-sono\/","title":{"rendered":"Chi sono"},"content":{"rendered":"<p>[et_pb_section fb_built=&#8221;1&#8243; fullwidth=&#8221;on&#8221; _builder_version=&#8221;4.5.6&#8243; _module_preset=&#8221;default&#8221;][et_pb_fullwidth_header title=&#8221;About&#8221; button_one_text=&#8221;Contattami subito&#8221; button_one_url=&#8221;https:\/\/domenicosaggese.it\/informatica_web\/contatti\/&#8221; _builder_version=&#8221;4.5.6&#8243; _module_preset=&#8221;default&#8221; background_color=&#8221;rgba(17,158,217,0.5)&#8221; background_image=&#8221;https:\/\/domenicosaggese.it\/informatica_web\/wp-content\/uploads\/2020\/08\/canva-fb.jpg&#8221; background_blend=&#8221;multiply&#8221; custom_padding=&#8221;||86px|||&#8221;]<\/p>\n<p>Consulenza informatica | Svilupppo Software &amp; Web | Comunicazione\u00a0Digitale<\/p>\n<p>[\/et_pb_fullwidth_header][\/et_pb_section][et_pb_section fb_built=&#8221;1&#8243; admin_label=&#8221;section&#8221; _builder_version=&#8221;3.22&#8243;][et_pb_row column_structure=&#8221;1_2,1_2&#8243; admin_label=&#8221;row&#8221; _builder_version=&#8221;3.25&#8243; background_size=&#8221;initial&#8221; background_position=&#8221;top_left&#8221; background_repeat=&#8221;repeat&#8221;][et_pb_column type=&#8221;1_2&#8243; _builder_version=&#8221;3.25&#8243; custom_padding=&#8221;|||&#8221; custom_padding__hover=&#8221;|||&#8221;][et_pb_text admin_label=&#8221;Text&#8221; _builder_version=&#8221;4.5.6&#8243; background_size=&#8221;initial&#8221; background_position=&#8221;top_left&#8221; background_repeat=&#8221;repeat&#8221;]<\/p>\n<h4>Dall&#8217;informatica alla comunicazione: tra codice e design.<\/h4>\n<p>Sono nato nel 1964, ho preso la maturit\u00e0 scientifica nel 1983, dopo avere svolto il servizio civile e avere lavorato nel sociale,<strong> ho scoperto per caso i computer<\/strong>.<\/p>\n<p>Avevo sentito parlare di <em>modem<\/em> e di banche dati, grazie alle quali si potevano usare quelle che per me erano insulse macchine da calcolo, per scambiare idee&#8230; <strong>internet non c&#8217;era ancora!<\/strong> Nel 1993 avevo gi\u00e0 un indirizzo con la chiocciola, quasi senza essermene accorto: <strong>Agor\u00e0 telematica<\/strong>, la mia BBS preferita, era diventata il primo internet provider italiano.<\/p>\n<p>Dal <span style=\"color: #000000;\">1996 lavoro con i computer: insegno, faccio consulenze, sviluppo software e siti web. Attualmente le mie aree preferite sono: <\/span><\/p>\n<ul>\n<li><span style=\"color: #000000;\">lo sviluppo di applicazioni verticali (cio\u00e8 specifiche per attivit\u00e0 particolari o addirittura singoli soggetti) complementari a gestionali gi\u00e0 esistenti. <\/span><\/li>\n<li><span style=\"color: #000000;\">lo sviluppo di siti e applicazioni web, con annessi servizi di grafica pubblicitaria; <\/span><\/li>\n<li>i corsi di formazione, per aziende o privati, sia in aula che online.<\/li>\n<\/ul>\n<p>[\/et_pb_text][\/et_pb_column][et_pb_column type=&#8221;1_2&#8243; _builder_version=&#8221;3.25&#8243; custom_padding=&#8221;|||&#8221; custom_padding__hover=&#8221;|||&#8221;][et_pb_image src=&#8221;https:\/\/domenicosaggese.it\/informatica_web\/wp-content\/uploads\/2020\/08\/horizontal-03-small.jpg&#8221; title_text=&#8221;horizontal-03-small&#8221; _builder_version=&#8221;4.5.6&#8243; _module_preset=&#8221;default&#8221; custom_css_main_element=&#8221;box-shadow: 0px 5px 10px rgba(0,0,0,0.35);&#8221;][\/et_pb_image][\/et_pb_column][\/et_pb_row][\/et_pb_section][et_pb_section fb_built=&#8221;1&#8243; _builder_version=&#8221;4.5.6&#8243; _module_preset=&#8221;default&#8221;][et_pb_row _builder_version=&#8221;4.5.6&#8243; _module_preset=&#8221;default&#8221;][et_pb_column type=&#8221;4_4&#8243; _builder_version=&#8221;4.5.6&#8243; _module_preset=&#8221;default&#8221;][et_pb_text _builder_version=&#8221;4.5.6&#8243; _module_preset=&#8221;default&#8221;]<\/p>\n<h3 style=\"text-align: center;\">Aree di applicazione<\/h3>\n<p>[\/et_pb_text][\/et_pb_column][\/et_pb_row][et_pb_row column_structure=&#8221;1_3,1_3,1_3&#8243; _builder_version=&#8221;4.5.6&#8243; _module_preset=&#8221;default&#8221;][et_pb_column type=&#8221;1_3&#8243; _builder_version=&#8221;4.5.6&#8243; _module_preset=&#8221;default&#8221;][et_pb_blurb title=&#8221;Sviluppo Software&#8221; use_icon=&#8221;on&#8221; font_icon=&#8221;%%159%%&#8221; use_circle=&#8221;on&#8221; circle_color=&#8221;#ffffff&#8221; use_circle_border=&#8221;on&#8221; module_class=&#8221;box-aree-applicazione&#8221; _builder_version=&#8221;4.5.6&#8243; _module_preset=&#8221;default&#8221; text_orientation=&#8221;center&#8221; hover_enabled=&#8221;0&#8243; custom_css_main_element=&#8221;box-shadow: 0px 0px 25px rgba(0,0,0,0.125);||padding: 1em;||border-radius: 5px;&#8221; link_option_url=&#8221;https:\/\/domenicosaggese.it\/informatica_web\/servizi\/software-gestionali\/&#8221;]<\/p>\n<p><span>Da oltre vent&#8217;anni\u00a0sviluppo programmi specifici per le aziende, andando in contro ad ogni tipo di esigenza.<\/span><\/p>\n<p>[\/et_pb_blurb][\/et_pb_column][et_pb_column type=&#8221;1_3&#8243; _builder_version=&#8221;4.5.6&#8243; _module_preset=&#8221;default&#8221;][et_pb_blurb title=&#8221;Comunicazione digitale&#8221; use_icon=&#8221;on&#8221; font_icon=&#8221;%%75%%&#8221; use_circle=&#8221;on&#8221; circle_color=&#8221;#ffffff&#8221; use_circle_border=&#8221;on&#8221; module_class=&#8221;box-aree-applicazione&#8221; _builder_version=&#8221;4.5.6&#8243; _module_preset=&#8221;default&#8221; text_orientation=&#8221;center&#8221; hover_enabled=&#8221;0&#8243; custom_css_main_element=&#8221;box-shadow: 0px 0px 25px rgba(0,0,0,0.125);||padding: 1em;||border-radius: 5px;&#8221; link_option_url=&#8221;https:\/\/domenicosaggese.it\/informatica_web\/servizi\/sito-web\/&#8221;]<\/p>\n<p><span>Non solo sviluppo siti web, ma mi occupo anche di promuoverli sui motori di ricerca, creando i contenuti adeguati e affiancando attivit\u00e0 di web e social media marketing.<\/span><\/p>\n<p>[\/et_pb_blurb][\/et_pb_column][et_pb_column type=&#8221;1_3&#8243; _builder_version=&#8221;4.5.6&#8243; _module_preset=&#8221;default&#8221;][et_pb_blurb title=&#8221;Insegnamento&#8221; use_icon=&#8221;on&#8221; font_icon=&#8221;%%127%%&#8221; use_circle=&#8221;on&#8221; circle_color=&#8221;#ffffff&#8221; use_circle_border=&#8221;on&#8221; module_class=&#8221;box-aree-applicazione&#8221; _builder_version=&#8221;4.5.6&#8243; _module_preset=&#8221;default&#8221; text_orientation=&#8221;center&#8221; hover_enabled=&#8221;0&#8243; custom_css_main_element=&#8221;box-shadow: 0px 0px 25px rgba(0,0,0,0.125);||padding: 1em;||border-radius: 5px;&#8221; link_option_url=&#8221;https:\/\/domenicosaggese.it\/informatica_web\/servizi\/corsi-informatica\/&#8221;]<\/p>\n<p>Insegnare mi ha sempre affascinato, cos\u00ec non potevo che non condividere quanto appreso nei decenni da professionista, offrendo corsi di formazione in vari ambiti dell&#8217;informatica.<\/p>\n<p>[\/et_pb_blurb][\/et_pb_column][\/et_pb_row][\/et_pb_section][et_pb_section fb_built=&#8221;1&#8243; _builder_version=&#8221;4.5.6&#8243; _module_preset=&#8221;default&#8221;][et_pb_row _builder_version=&#8221;4.5.6&#8243; _module_preset=&#8221;default&#8221;][et_pb_column type=&#8221;4_4&#8243; _builder_version=&#8221;4.5.6&#8243; _module_preset=&#8221;default&#8221;][et_pb_text _builder_version=&#8221;4.5.6&#8243; _module_preset=&#8221;default&#8221;]<\/p>\n<h3 style=\"text-align: center;\">Alcuni miei Clienti<\/h3>\n<p>[\/et_pb_text][\/et_pb_column][\/et_pb_row][et_pb_row _builder_version=&#8221;4.5.6&#8243; _module_preset=&#8221;default&#8221;][et_pb_column type=&#8221;4_4&#8243; _builder_version=&#8221;4.5.6&#8243; _module_preset=&#8221;default&#8221;][et_pb_wptools_image_carousel _builder_version=&#8221;4.5.6&#8243; _module_preset=&#8221;default&#8221; slidestoshow=&#8221;3&#8243; hover_enabled=&#8221;0&#8243;][et_pb_wptools_carousel_image_item _builder_version=&#8221;4.5.6&#8243; _module_preset=&#8221;default&#8221; title_text=&#8221;logo-Softeam-Mod&#8221; src=&#8221;https:\/\/domenicosaggese.it\/informatica_web\/wp-content\/uploads\/2020\/08\/logo-Softeam-Mod.jpg&#8221; hover_enabled=&#8221;0&#8243; admin_label=&#8221;softeam&#8221;][\/et_pb_wptools_carousel_image_item][et_pb_wptools_carousel_image_item _builder_version=&#8221;4.5.6&#8243; _module_preset=&#8221;default&#8221; title_text=&#8221;logo-Olisystem-Mod&#8221; src=&#8221;https:\/\/domenicosaggese.it\/informatica_web\/wp-content\/uploads\/2020\/08\/logo-Olisystem-Mod.jpg&#8221; hover_enabled=&#8221;0&#8243; admin_label=&#8221;olysistem&#8221;][\/et_pb_wptools_carousel_image_item][et_pb_wptools_carousel_image_item _builder_version=&#8221;4.5.6&#8243; _module_preset=&#8221;default&#8221; title_text=&#8221;logo-GiGroup-Mod&#8221; src=&#8221;https:\/\/domenicosaggese.it\/informatica_web\/wp-content\/uploads\/2020\/08\/logo-GiGroup-Mod.jpg&#8221; hover_enabled=&#8221;0&#8243; admin_label=&#8221;gi group&#8221;][\/et_pb_wptools_carousel_image_item][et_pb_wptools_carousel_image_item _builder_version=&#8221;4.5.6&#8243; _module_preset=&#8221;default&#8221; title_text=&#8221;Logo-Liceo-Agnesi-Mod&#8221; src=&#8221;https:\/\/domenicosaggese.it\/informatica_web\/wp-content\/uploads\/2020\/08\/Logo-Liceo-Agnesi-Mod.jpg&#8221; hover_enabled=&#8221;0&#8243; admin_label=&#8221;liceo agnesi&#8221;][\/et_pb_wptools_carousel_image_item][et_pb_wptools_carousel_image_item _builder_version=&#8221;4.5.6&#8243; _module_preset=&#8221;default&#8221; title_text=&#8221;logo-Enaip-Lombardia-Mod&#8221; src=&#8221;https:\/\/domenicosaggese.it\/informatica_web\/wp-content\/uploads\/2020\/08\/logo-Enaip-Lombardia-Mod.jpg&#8221; admin_label=&#8221;enaip lombardia&#8221; hover_enabled=&#8221;0&#8243;][\/et_pb_wptools_carousel_image_item][et_pb_wptools_carousel_image_item _builder_version=&#8221;4.5.6&#8243; _module_preset=&#8221;default&#8221; title_text=&#8221;logo-Collegio-Volta-Mod&#8221; src=&#8221;https:\/\/domenicosaggese.it\/informatica_web\/wp-content\/uploads\/2020\/08\/logo-Collegio-Volta-Mod.jpg&#8221; admin_label=&#8221;collegio volta&#8221; hover_enabled=&#8221;0&#8243;][\/et_pb_wptools_carousel_image_item][et_pb_wptools_carousel_image_item _builder_version=&#8221;4.5.6&#8243; _module_preset=&#8221;default&#8221; title_text=&#8221;logo-Aldo-Moro-Mod&#8221; src=&#8221;https:\/\/domenicosaggese.it\/informatica_web\/wp-content\/uploads\/2020\/08\/logo-Aldo-Moro-Mod.jpg&#8221; admin_label=&#8221;aldo moro&#8221; hover_enabled=&#8221;0&#8243;][\/et_pb_wptools_carousel_image_item][et_pb_wptools_carousel_image_item _builder_version=&#8221;4.5.6&#8243; _module_preset=&#8221;default&#8221; title_text=&#8221;logo-Afol-Met-Mod&#8221; src=&#8221;https:\/\/domenicosaggese.it\/informatica_web\/wp-content\/uploads\/2020\/08\/logo-Afol-Met-Mod.jpg&#8221; admin_label=&#8221;afol&#8221; hover_enabled=&#8221;0&#8243;][\/et_pb_wptools_carousel_image_item][\/et_pb_wptools_image_carousel][\/et_pb_column][\/et_pb_row][\/et_pb_section][et_pb_section fb_built=&#8221;1&#8243; _builder_version=&#8221;4.5.6&#8243; _module_preset=&#8221;default&#8221; use_background_color_gradient=&#8221;on&#8221; background_color_gradient_start=&#8221;#119ed9&#8243; background_color_gradient_end=&#8221;#ffffff&#8221; background_color_gradient_direction=&#8221;360deg&#8221; background_color_gradient_end_position=&#8221;64%&#8221;][et_pb_row column_structure=&#8221;1_2,1_2&#8243; _builder_version=&#8221;4.5.6&#8243; _module_preset=&#8221;default&#8221;][et_pb_column type=&#8221;1_2&#8243; _builder_version=&#8221;4.5.6&#8243; _module_preset=&#8221;default&#8221;][et_pb_text _builder_version=&#8221;4.5.6&#8243; _module_preset=&#8221;default&#8221;]<\/p>\n<div class=\"et_pb_module et_pb_text et_pb_text_0  et_pb_text_align_left et_pb_bg_layout_light\">\n<div class=\"et_pb_text_inner\">\n<h3>Contattaci subito senza impegno!<\/h3>\n<p>Mettiti subito in contatto: compila il form e scrivi una mail, richiedi un preventivo gratuito o chiedi di essere ricontattato risponderemo immediatamente alla tua richiesta!<\/p>\n<\/div>\n<\/div>\n<div class=\"et_pb_module et_pb_text et_pb_text_1  et_pb_text_align_left et_pb_bg_layout_light\">\n<div class=\"et_pb_text_inner\">\n<h4>Seguici sui social<\/h4>\n<\/div>\n<\/div>\n<p>[\/et_pb_text][et_pb_social_media_follow _builder_version=&#8221;4.5.6&#8243; _module_preset=&#8221;default&#8221; text_orientation=&#8221;left&#8221; border_radii=&#8221;on|26px|26px|26px|26px&#8221;][et_pb_social_media_follow_network social_network=&#8221;linkedin&#8221; url=&#8221;https:\/\/www.linkedin.com\/in\/domenicosaggeseinformatico\/&#8221; _builder_version=&#8221;4.5.6&#8243; _module_preset=&#8221;default&#8221; background_color=&#8221;#007bb6&#8243; follow_button=&#8221;off&#8221; url_new_window=&#8221;on&#8221;]linkedin[\/et_pb_social_media_follow_network][et_pb_social_media_follow_network social_network=&#8221;facebook&#8221; url=&#8221;https:\/\/www.facebook.com\/domenicosaggeseinformatico&#8221; _builder_version=&#8221;4.5.6&#8243; _module_preset=&#8221;default&#8221; background_color=&#8221;#3b5998&#8243; follow_button=&#8221;off&#8221; url_new_window=&#8221;on&#8221;]facebook[\/et_pb_social_media_follow_network][\/et_pb_social_media_follow][\/et_pb_column][et_pb_column type=&#8221;1_2&#8243; _builder_version=&#8221;4.5.6&#8243; _module_preset=&#8221;default&#8221;][et_pb_contact_form email=&#8221;domenico@saggese.it,  donmimisaggese@gmail.com&#8221; title=&#8221;Scrivici una mail&#8221; success_message=&#8221;Grazie per avermi contattato!&#8221; submit_button_text=&#8221;invia&#8221; module_class=&#8221;form-contatti-edo&#8221; _builder_version=&#8221;4.5.6&#8243; _module_preset=&#8221;default&#8221; form_field_background_color=&#8221;#ffffff&#8221; form_field_focus_background_color=&#8221;#0ea6f2&#8243; form_field_focus_text_color=&#8221;#0c71c3&#8243; form_field_custom_padding=&#8221;|||0px|false|false&#8221; title_level=&#8221;h4&#8243; title_font=&#8221;||||&#8221; form_field_font=&#8221;||||&#8221; background_color=&#8221;#ffffff&#8221; button_icon=&#8221;%%153%%&#8221; button_on_hover=&#8221;off&#8221; vertical_offset=&#8221;0px&#8221; vertical_offset_tablet=&#8221;&#8221; vertical_offset_phone=&#8221;-154px&#8221; vertical_offset_last_edited=&#8221;on|phone&#8221; text_orientation=&#8221;left&#8221; custom_margin=&#8221;||||false|false&#8221; custom_css_contact_title=&#8221;margin-bottom: 30px;&#8221; border_width_bottom=&#8221;1px&#8221; border_color_bottom=&#8221;#aaaaaa&#8221; use_border_color=&#8221;off&#8221; global_module=&#8221;1294&#8243; saved_tabs=&#8221;all&#8221; button_text_size__hover_enabled=&#8221;off&#8221; button_text_size__hover=&#8221;null&#8221; button_one_text_size__hover_enabled=&#8221;off&#8221; button_one_text_size__hover=&#8221;null&#8221; button_two_text_size__hover_enabled=&#8221;off&#8221; button_two_text_size__hover=&#8221;null&#8221; button_text_color__hover_enabled=&#8221;off&#8221; button_text_color__hover=&#8221;null&#8221; button_one_text_color__hover_enabled=&#8221;off&#8221; button_one_text_color__hover=&#8221;null&#8221; button_two_text_color__hover_enabled=&#8221;off&#8221; button_two_text_color__hover=&#8221;null&#8221; button_border_width__hover_enabled=&#8221;off&#8221; button_border_width__hover=&#8221;null&#8221; button_one_border_width__hover_enabled=&#8221;off&#8221; button_one_border_width__hover=&#8221;null&#8221; button_two_border_width__hover_enabled=&#8221;off&#8221; button_two_border_width__hover=&#8221;null&#8221; button_border_color__hover_enabled=&#8221;off&#8221; button_border_color__hover=&#8221;null&#8221; button_one_border_color__hover_enabled=&#8221;off&#8221; button_one_border_color__hover=&#8221;null&#8221; button_two_border_color__hover_enabled=&#8221;off&#8221; button_two_border_color__hover=&#8221;null&#8221; button_border_radius__hover_enabled=&#8221;off&#8221; button_border_radius__hover=&#8221;null&#8221; button_one_border_radius__hover_enabled=&#8221;off&#8221; button_one_border_radius__hover=&#8221;null&#8221; button_two_border_radius__hover_enabled=&#8221;off&#8221; button_two_border_radius__hover=&#8221;null&#8221; button_letter_spacing__hover_enabled=&#8221;off&#8221; button_letter_spacing__hover=&#8221;null&#8221; button_one_letter_spacing__hover_enabled=&#8221;off&#8221; button_one_letter_spacing__hover=&#8221;null&#8221; button_two_letter_spacing__hover_enabled=&#8221;off&#8221; button_two_letter_spacing__hover=&#8221;null&#8221; button_bg_color__hover_enabled=&#8221;off&#8221; button_bg_color__hover=&#8221;null&#8221; button_one_bg_color__hover_enabled=&#8221;off&#8221; button_one_bg_color__hover=&#8221;null&#8221; button_two_bg_color__hover_enabled=&#8221;off&#8221; button_two_bg_color__hover=&#8221;null&#8221; button_letter_spacing_hover_tablet=&#8221;0&#8243; button_letter_spacing_hover_phone=&#8221;0&#8243;][et_pb_contact_field field_id=&#8221;Name&#8221; field_title=&#8221;Nome&#8221; fullwidth_field=&#8221;on&#8221; _builder_version=&#8221;3.16&#8243; form_field_font=&#8221;||||&#8221; use_border_color=&#8221;off&#8221; border_style=&#8221;solid&#8221; button_text_size__hover_enabled=&#8221;off&#8221; button_one_text_size__hover_enabled=&#8221;off&#8221; button_two_text_size__hover_enabled=&#8221;off&#8221; button_text_color__hover_enabled=&#8221;off&#8221; button_one_text_color__hover_enabled=&#8221;off&#8221; button_two_text_color__hover_enabled=&#8221;off&#8221; button_border_width__hover_enabled=&#8221;off&#8221; button_one_border_width__hover_enabled=&#8221;off&#8221; button_two_border_width__hover_enabled=&#8221;off&#8221; button_border_color__hover_enabled=&#8221;off&#8221; button_one_border_color__hover_enabled=&#8221;off&#8221; button_two_border_color__hover_enabled=&#8221;off&#8221; button_border_radius__hover_enabled=&#8221;off&#8221; button_one_border_radius__hover_enabled=&#8221;off&#8221; button_two_border_radius__hover_enabled=&#8221;off&#8221; button_letter_spacing__hover_enabled=&#8221;off&#8221; button_one_letter_spacing__hover_enabled=&#8221;off&#8221; button_two_letter_spacing__hover_enabled=&#8221;off&#8221; button_bg_color__hover_enabled=&#8221;off&#8221; button_one_bg_color__hover_enabled=&#8221;off&#8221; button_two_bg_color__hover_enabled=&#8221;off&#8221;][\/et_pb_contact_field][et_pb_contact_field field_id=&#8221;Email&#8221; field_title=&#8221;Indirizzo e-mail&#8221; field_type=&#8221;email&#8221; fullwidth_field=&#8221;on&#8221; _builder_version=&#8221;3.16&#8243; form_field_font=&#8221;||||&#8221; use_border_color=&#8221;off&#8221; border_style=&#8221;solid&#8221; button_text_size__hover_enabled=&#8221;off&#8221; button_one_text_size__hover_enabled=&#8221;off&#8221; button_two_text_size__hover_enabled=&#8221;off&#8221; button_text_color__hover_enabled=&#8221;off&#8221; button_one_text_color__hover_enabled=&#8221;off&#8221; button_two_text_color__hover_enabled=&#8221;off&#8221; button_border_width__hover_enabled=&#8221;off&#8221; button_one_border_width__hover_enabled=&#8221;off&#8221; button_two_border_width__hover_enabled=&#8221;off&#8221; button_border_color__hover_enabled=&#8221;off&#8221; button_one_border_color__hover_enabled=&#8221;off&#8221; button_two_border_color__hover_enabled=&#8221;off&#8221; button_border_radius__hover_enabled=&#8221;off&#8221; button_one_border_radius__hover_enabled=&#8221;off&#8221; button_two_border_radius__hover_enabled=&#8221;off&#8221; button_letter_spacing__hover_enabled=&#8221;off&#8221; button_one_letter_spacing__hover_enabled=&#8221;off&#8221; button_two_letter_spacing__hover_enabled=&#8221;off&#8221; button_bg_color__hover_enabled=&#8221;off&#8221; button_one_bg_color__hover_enabled=&#8221;off&#8221; button_two_bg_color__hover_enabled=&#8221;off&#8221;][\/et_pb_contact_field][et_pb_contact_field field_id=&#8221;service&#8221; field_title=&#8221;Tipo di richiesta (da scegliere nell&#8217;elenco):&#8221; field_type=&#8221;select&#8221; select_options=&#8221;%91{%22value%22:%22Preventivo%22,%22checked%22:0,%22dragID%22:-1},{%22value%22:%22Informazioni%22,%22checked%22:0,%22dragID%22:0},{%22value%22:%22Collaborazione%22,%22checked%22:0,%22dragID%22:1}%93&#8243; fullwidth_field=&#8221;on&#8221; _builder_version=&#8221;4.5.2&#8243; _module_preset=&#8221;default&#8221;][\/et_pb_contact_field][et_pb_contact_field field_id=&#8221;Message&#8221; field_title=&#8221;Messaggio&#8221; field_type=&#8221;text&#8221; fullwidth_field=&#8221;on&#8221; _builder_version=&#8221;3.16&#8243; button_text_size__hover_enabled=&#8221;off&#8221; button_one_text_size__hover_enabled=&#8221;off&#8221; button_two_text_size__hover_enabled=&#8221;off&#8221; button_text_color__hover_enabled=&#8221;off&#8221; button_one_text_color__hover_enabled=&#8221;off&#8221; button_two_text_color__hover_enabled=&#8221;off&#8221; button_border_width__hover_enabled=&#8221;off&#8221; button_one_border_width__hover_enabled=&#8221;off&#8221; button_two_border_width__hover_enabled=&#8221;off&#8221; button_border_color__hover_enabled=&#8221;off&#8221; button_one_border_color__hover_enabled=&#8221;off&#8221; button_two_border_color__hover_enabled=&#8221;off&#8221; button_border_radius__hover_enabled=&#8221;off&#8221; button_one_border_radius__hover_enabled=&#8221;off&#8221; button_two_border_radius__hover_enabled=&#8221;off&#8221; button_letter_spacing__hover_enabled=&#8221;off&#8221; button_one_letter_spacing__hover_enabled=&#8221;off&#8221; button_two_letter_spacing__hover_enabled=&#8221;off&#8221; button_bg_color__hover_enabled=&#8221;off&#8221; button_one_bg_color__hover_enabled=&#8221;off&#8221; button_two_bg_color__hover_enabled=&#8221;off&#8221;][\/et_pb_contact_field][\/et_pb_contact_form][\/et_pb_column][\/et_pb_row][\/et_pb_section]<\/p>\n","protected":false},"excerpt":{"rendered":"<p>Consulenza informatica | Svilupppo Software &amp; Web | Comunicazione\u00a0DigitaleDall&#8217;informatica alla comunicazione: tra codice e design. Sono nato nel 1964, ho preso la maturit\u00e0 scientifica nel 1983, dopo avere svolto il servizio civile e avere lavorato nel sociale, ho scoperto per caso i computer. Avevo sentito parlare di modem e di banche dati, grazie alle quali [&hellip;]<\/p>\n","protected":false},"author":1,"featured_media":0,"parent":0,"menu_order":2,"comment_status":"closed","ping_status":"closed","template":"","meta":{"_et_pb_use_builder":"on","_et_pb_old_content":"&nbsp;\r\n<h3>consulente informatico a Lecco<\/h3>\r\nSono nato\u00a0nel 1964, ho preso la maturit\u00e0 scientifica nel 1983.\r\n\r\nDopo avere svolto il servizio civile e avere lavorato nel sociale, ho scoperto per caso i computer. Avevo sentito parlare di <em>modem<\/em> e di banche dati, grazie alle quali si potevano usare quelle che per me erano insulse macchine da calcolo, per scambiare idee... <strong>internet non c'era ancora!<\/strong> Nel 1993 avevo gi\u00e0 un indirizzo con la chiocciola, quasi senza essermene accorto: <strong>Agor\u00e0 telematica<\/strong>, la mia BBS preferita, era diventata il primo internet provider italiano.\r\n\r\nDal <span style=\"color: #000000;\">1996 lavoro con i computer; insegno, faccio consulenze, scrivo software. Attualmente le mie aree preferite sono: <\/span>\r\n<ul>\r\n\t<li><span style=\"color: #000000;\">lo sviluppo di applicazioni verticali (cio\u00e8 specifiche per attivit\u00e0 particolari o addirittura singoli soggetti) complementari a gestionali gi\u00e0 esistenti. <\/span><\/li>\r\n\t<li><span style=\"color: #000000;\">lo sviluppo di siti e applicazioni web; <\/span><\/li>\r\n\t<li><span style=\"color: #000000;\">l'insegnamento <\/span><\/li>\r\n<\/ul>","_et_gb_content_width":"","footnotes":""},"class_list":["post-683","page","type-page","status-publish","hentry"],"_links":{"self":[{"href":"https:\/\/domenicosaggese.it\/informatica_web\/wp-json\/wp\/v2\/pages\/683"}],"collection":[{"href":"https:\/\/domenicosaggese.it\/informatica_web\/wp-json\/wp\/v2\/pages"}],"about":[{"href":"https:\/\/domenicosaggese.it\/informatica_web\/wp-json\/wp\/v2\/types\/page"}],"author":[{"embeddable":true,"href":"https:\/\/domenicosaggese.it\/informatica_web\/wp-json\/wp\/v2\/users\/1"}],"replies":[{"embeddable":true,"href":"https:\/\/domenicosaggese.it\/informatica_web\/wp-json\/wp\/v2\/comments?post=683"}],"version-history":[{"count":9,"href":"https:\/\/domenicosaggese.it\/informatica_web\/wp-json\/wp\/v2\/pages\/683\/revisions"}],"predecessor-version":[{"id":1691,"href":"https:\/\/domenicosaggese.it\/informatica_web\/wp-json\/wp\/v2\/pages\/683\/revisions\/1691"}],"wp:attachment":[{"href":"https:\/\/domenicosaggese.it\/informatica_web\/wp-json\/wp\/v2\/media?parent=683"}],"curies":[{"name":"wp","href":"https:\/\/api.w.org\/{rel}","templated":true}]}}