{"id":792,"date":"2015-06-01T16:31:16","date_gmt":"2015-06-01T16:31:16","guid":{"rendered":"https:\/\/domenicosaggese.it\/informatica_web\/?page_id=792"},"modified":"2022-01-06T08:45:04","modified_gmt":"2022-01-06T08:45:04","slug":"privacy","status":"publish","type":"page","link":"https:\/\/domenicosaggese.it\/informatica_web\/privacy\/","title":{"rendered":"Privacy e Cookie Policy"},"content":{"rendered":"\n<h2 class=\"wp-block-heading\">Cookie Policy<\/h2>\n\n\n\n<h3 class=\"wp-block-heading\">Premessa<\/h3>\n\n\n\n<p>Qui diremo \u201cnoi\u201d per dire i responsabili del sito <span class=\"skimlinks-unlinked\">www.domenicosaggese.it<\/span> e \u201ctu\u201d o \u201cl\u2019utente\u201d per dire il navigante che passa nel sito.<\/p>\n\n\n\n<ul class=\"wp-block-list\"><li>Niente panico, i cookie non sono virus.<\/li><\/ul>\n\n\n\n<h3 class=\"wp-block-heading\">cosa sono i cookie<\/h3>\n\n\n\n<blockquote class=\"wp-block-quote is-layout-flow wp-block-quote-is-layout-flow\"><p>\u201cI cookie sono stringhe di testo di piccole dimensioni che i siti visitati dall\u2019utente inviano al suo terminale (solitamente al browser), dove vengono memorizzati per essere poi ritrasmessi agli stessi siti alla successiva visita del medesimo utente. Nel corso della navigazione su un sito, l\u2019utente pu\u00f2 ricevere sul suo terminale anche cookie che vengono inviati da siti o da web server diversi (c.d. \u201cterze parti\u201d), sui quali possono risiedere alcuni elementi (quali, ad esempio, immagini, mappe, suoni, specifici link a pagine di altri domini) presenti sul sito che lo stesso sta visitando\u201d<\/p><\/blockquote>\n\n\n\n<p>cos\u00ec dice il Garante della privacy. E poi:<\/p>\n\n\n\n<blockquote class=\"wp-block-quote is-layout-flow wp-block-quote-is-layout-flow\"><p>\u201cI cookie, solitamente presenti nei browser degli utenti in numero molto elevato e a volte anche con caratteristiche di ampia persistenza temporale, sono usati per differenti finalit\u00e0: esecuzione di autenticazioni informatiche, monitoraggio di sessioni, memorizzazione di informazioni su specifiche configurazioni riguardanti gli utenti che accedono al server, ecc\u201d.<\/p><\/blockquote>\n\n\n\n<p>la normativa italiana distingue tra \u201ccookie tecnici\u201d e \u201ccookie di profilazione\u201c. Questi ultimi sono possono \u201cricordare\u201d preferenze, gusti, interessi, ricerche precedenti del navigante al fine di proporgli pubblicit\u00e0 mirate, e devono essere subordinati al consenso preventivo dell\u2019utente. Inoltre la normativa distingue tra \u201ccookie dell\u2019editore\u201d (che sarei io, Domenico Saggese) e \u201ccookie di terze parti\u201d (ad esempio di youtube, facebook)<\/p>\n\n\n\n<h3 class=\"wp-block-heading\">Tu, utente, i cookie li puoi bloccare o cancellare dal tuo pc<\/h3>\n\n\n\n<p>Come posso gestire i Cookie all\u2019interno del mio browser?<\/p>\n\n\n\n<p>In aggiunta a quanto indicato in questo documento, l\u2019Utente pu\u00f2 gestire le preferenze relative ai Cookie direttamente all\u2019interno del proprio browser ed impedire \u2013 ad esempio \u2013 che terze parti possano installarne. Tramite le preferenze del browser \u00e8 inoltre possibile eliminare i Cookie installati in passato, incluso il Cookie in cui venga eventualmente salvato il consenso all\u2019installazione di Cookie da parte di questo sito. \u00c8 importante notare che disabilitando tutti i Cookie, il funzionamento di questo sito potrebbe forse essere compromesso. Puoi trovare informazioni su come gestire i Cookie nel tuo browser ai seguenti indirizzi:&nbsp;<a href=\"https:\/\/support.google.com\/chrome\/answer\/95647?hl=en&amp;p=cpn_cookies\">Google Chrome<\/a>,&nbsp;<a href=\"https:\/\/support.mozilla.org\/it\/kb\/Attivare%20e%20disattivare%20i%20cookie?redirectlocale=en-US&amp;redirectslug=Enabling+and+disabling+cookies\">Mozilla Firefox<\/a>,&nbsp;<a href=\"https:\/\/support.apple.com\/kb\/PH19214?viewlocale=it_IT&amp;locale=en_US\">Apple Safari<\/a>&nbsp;e&nbsp;<a href=\"http:\/\/windows.microsoft.com\/it-it\/windows-vista\/block-or-allow-cookies\">Microsoft Windows Explorer<\/a>.<\/p>\n\n\n\n<h3 class=\"wp-block-heading\">Cookie utilizzati da questo sito<\/h3>\n\n\n\n<ul class=\"wp-block-list\"><li>cookie &#8220;tecnici&#8221; (id di sessione, etc) tra questi:<ul><li>PHPSESSID (serve se uno di &#8220;noi&#8221; entra a modificare il sito. Se lo vedi nel tuo PC, stai forse cercando di fare il birichino, o pi\u00f9 facilmente, ha sbagliato strada)<\/li><li>DisplayCookieConsent: hai cliccato il banner<\/li><li>altri potrebbero tracciare operazioni che hai fatto, come iscriverti alla newsletter, (al momento non c&#8217;\u00e8 ancora la newsletter), ma esistono solo per motivi tecnici, non verranno conservati iltre la tua sessione di navigazione<\/li><\/ul><\/li><li>cookie analitici anomizzati impostati dal servizio Google analytics, finalizzati alle statistiche. I nomi sono :<ul><li>_ga<\/li><li>_gid<\/li><li>altri nomi che iniziano per _ga&#8230;<\/li><\/ul><\/li><\/ul>\n\n\n\n<p>In questi cookie L&#8217;indirizzo IP del navigante \u00e8 anonimizzato.<\/p>\n\n\n\n<blockquote class=\"wp-block-quote is-layout-flow wp-block-quote-is-layout-flow\"><p>Il Garante italiano, nei \u201cChiarimenti in merito all\u2019attuazione della normativa in materia di cookie\u201d forniti nel 2015 a seguito del Provvedimento sui Cookie, ha precisato che i siti che utilizzano cookie analitici realizzati e messi a disposizione da terze parti <strong>non sono soggetti all\u2019acquisizione del consenso se vengano adottati strumenti atti a ridurre il rischio identificativo<\/strong> dei cookie analitici che utilizzano (anonimizzazione dei dati), per esempio, oscurando porzioni significative dell\u2019indirizzo IP in modo che non sia riconducibile all\u2019utente, ma solo ad una larga fascia di utenze in cui non e\u0300 possibile individuare quello specifico. <\/p><\/blockquote>\n\n\n\n<h3 class=\"wp-block-heading\">Cookie che passano da questo sito<\/h3>\n\n\n\n<p>E&#8217; possbile che funzioni come il bottone &#8220;mi piace&#8221; di facebook o &#8220;pubblica su twitter&#8221; e simili, portino ad impostare cookie sul pc del navigante. Questi:<\/p>\n\n\n\n<ul class=\"wp-block-list\"><li>servono ad integrare l\u2019esperienza del navigante sul nostro sito e sulle altre piattaforme in questione<\/li><li>non sono controllabili da noi, e dipendono anche dal rapporto dell\u2019Utente con queste piattaforme<\/li><\/ul>\n\n\n\n<p>Dal momento che l\u2019installazione di Cookie e di altri sistemi di tracciamento operata da terze parti tramite i servizi utilizzati all\u2019interno di questa Applicazione non pu\u00f2 essere tecnicamente controllata dagli amministratori del sito, <strong>ogni riferimento specifico a Cookie e sistemi di tracciamento installati da terze parti \u00e8 da considerarsi indicativo.<\/strong> Per ottenere informazioni complete, consulta la privacy policy degli eventuali servizi terzi elencati in questo documento.<\/p>\n\n\n\n<p>Attualmente possono <em>transitare<\/em> da questo sito i seguenti cookie di terze parti:<\/p>\n\n\n\n<ul class=\"wp-block-list\"><li>twitter &#8211; <a href=\"https:\/\/twitter.com\/privacy?lang=it\" target=\"_blank\" rel=\"noopener noreferrer\">cookie policy<\/a><\/li><li>youtube &#8211; possono essere presenti cookie se pubblicati video di youtube; il cookie \u00e8 impostato da google <a href=\"http:\/\/www.google.com\/policies\/technologies\/cookies\/\" target=\"_blank\" rel=\"noopener noreferrer\">cookie policy<\/a><\/li><\/ul>\n\n\n\n<h3 class=\"wp-block-heading\">Per essere chiari<\/h3>\n\n\n\n<p>lo scopo di questo sito \u00e8 quello che dichiara: fare conoscere la mia attivit\u00e0. Non ospita pubblicit\u00e0, non&nbsp;\u00e8 interessato a sapere che sito hai visitato prima, che sito visiterai dopo, quanto pesi, se sei vegetariano, se ti piacciono i gatti. Niente, Questo sito e il suo titolare non tratta alcun dato personale tramite cookie.<\/p>\n\n\n\n<h2 class=\"wp-block-heading\">Privacy Policy<\/h2>\n\n\n\n<h3 class=\"wp-block-heading\">Modulo dei contatti<\/h3>\n\n\n\n<p>Nel caso un utente invii un messaggio tramite il\u00a0<a href=\"https:\/\/domenicosaggese.it\/informatica_web\/contatti\/\">modulo <em>contattaci<\/em><\/a> del sito, \u00e8 necessario conferire l&#8217;indirizzo email, che rester\u00e0 riservato, ed utilizzato da Domenico Saggese per rispondere all&#8217;utente o per comunicargli altri prodotti o servizi che potrebbero interessarlo. Contestualmente all&#8217;indirizzo, l&#8217;utente d\u00e0 il suo consenso per il trattamento dei dati nei termini di questa informativa (c&#8217;\u00e8 bisogno di dirlo?). Normalmente, finita la conversazione, non viene conservato l&#8217;indirizzo email, salvo diversi accordi.<\/p>\n\n\n\n<h3 class=\"wp-block-heading\">Newsletter<\/h3>\n\n\n\n<p>Iscrivendosi alla newsletter (al momento inattiva) l&#8217;utente accetta di riceverla. I dati (nome, indirizzo email, eventualmente altri) non verranno ceduti a nessuno. Naturalmente, secondo le leggi italiane ed europee sulla privacy, l&#8217;utente potr\u00e0\u00a0togliere il consenso in ogni momento. In ogni newsletter sono forniti i link per la cancellazione.<\/p>\n\n\n\n<p>Responsabile del trattamento dei dati \u00e8 Domenico Saggese<\/p>\n","protected":false},"excerpt":{"rendered":"<p>Cookie Policy Premessa Qui diremo \u201cnoi\u201d per dire i responsabili del sito www.domenicosaggese.it e \u201ctu\u201d o \u201cl\u2019utente\u201d per dire il navigante che passa nel sito. Niente panico, i cookie non sono virus. cosa sono i cookie \u201cI cookie sono stringhe di testo di piccole dimensioni che i siti visitati dall\u2019utente inviano al suo terminale (solitamente [&hellip;]<\/p>\n","protected":false},"author":1,"featured_media":0,"parent":0,"menu_order":99,"comment_status":"closed","ping_status":"closed","template":"","meta":{"_et_pb_use_builder":"","_et_pb_old_content":"","_et_gb_content_width":"","footnotes":""},"class_list":["post-792","page","type-page","status-publish","hentry"],"_links":{"self":[{"href":"https:\/\/domenicosaggese.it\/informatica_web\/wp-json\/wp\/v2\/pages\/792"}],"collection":[{"href":"https:\/\/domenicosaggese.it\/informatica_web\/wp-json\/wp\/v2\/pages"}],"about":[{"href":"https:\/\/domenicosaggese.it\/informatica_web\/wp-json\/wp\/v2\/types\/page"}],"author":[{"embeddable":true,"href":"https:\/\/domenicosaggese.it\/informatica_web\/wp-json\/wp\/v2\/users\/1"}],"replies":[{"embeddable":true,"href":"https:\/\/domenicosaggese.it\/informatica_web\/wp-json\/wp\/v2\/comments?post=792"}],"version-history":[{"count":15,"href":"https:\/\/domenicosaggese.it\/informatica_web\/wp-json\/wp\/v2\/pages\/792\/revisions"}],"predecessor-version":[{"id":1943,"href":"https:\/\/domenicosaggese.it\/informatica_web\/wp-json\/wp\/v2\/pages\/792\/revisions\/1943"}],"wp:attachment":[{"href":"https:\/\/domenicosaggese.it\/informatica_web\/wp-json\/wp\/v2\/media?parent=792"}],"curies":[{"name":"wp","href":"https:\/\/api.w.org\/{rel}","templated":true}]}}